{"id":2553,"date":"2023-09-14T15:14:22","date_gmt":"2023-09-14T13:14:22","guid":{"rendered":"https:\/\/www.hoteledenspa.com\/?page_id=2553"},"modified":"2025-08-05T12:14:04","modified_gmt":"2025-08-05T10:14:04","slug":"legal-information","status":"publish","type":"page","link":"https:\/\/www.hoteledenspa.com\/en\/mentions-legales\/","title":{"rendered":"Legal information"},"content":{"rendered":"<div data-elementor-type=\"wp-page\" data-elementor-id=\"2553\" class=\"elementor elementor-2553\" data-elementor-post-type=\"page\">\n\t\t\t\t<div class=\"elementor-element elementor-element-f3ce3ac e-con-full e-flex e-con e-parent\" data-id=\"f3ce3ac\" data-element_type=\"container\" data-e-type=\"container\" data-settings=\"{&quot;background_background&quot;:&quot;classic&quot;}\">\n\t\t\t\t<div class=\"elementor-element elementor-element-bb211da elementor-widget elementor-widget-heading\" data-id=\"bb211da\" data-element_type=\"widget\" data-e-type=\"widget\" data-widget_type=\"heading.default\">\n\t\t\t\t<div class=\"elementor-widget-container\">\n\t\t\t\t\t<h1 class=\"elementor-heading-title elementor-size-default\">Legal information<\/h1>\t\t\t\t<\/div>\n\t\t\t\t<\/div>\n\t\t\t\t<\/div>\n\t\t<div class=\"elementor-element elementor-element-1ee1a69 e-flex e-con-boxed e-con e-parent\" data-id=\"1ee1a69\" data-element_type=\"container\" data-e-type=\"container\">\n\t\t\t\t\t<div class=\"e-con-inner\">\n\t\t\t\t<div class=\"elementor-element elementor-element-96e968c elementor-widget elementor-widget-text-editor\" data-id=\"96e968c\" data-element_type=\"widget\" data-e-type=\"widget\" data-widget_type=\"text-editor.default\">\n\t\t\t\t<div class=\"elementor-widget-container\">\n\t\t\t\t\t\t\t\t\t<p>URL : <a href=\"http:\/\/www.hoteleden-spa.fr\" rel=\"nofollow noopener\" target=\"_blank\">www.hoteleden-spa.fr<\/a><\/p><p>Company name : AQUA MILL SAS<br \/>Email : <a href=\"mailto:r%C3%A9ception@hoteleden-spa.fr\">r\u00e9ception@hoteleden-spa.fr<\/a><\/p><p>Telephone: +33 (0)2 33 60 25 25<\/p><p>Share capital: \u20ac 10,000.00<\/p><p>Individual VAT identification number: FR20978196244<br \/><br \/><\/p><p>Siret number: 978 196 244 00021<\/p><p>\u00a0<\/p><p>Eden Spa Hotel :<\/p><p>\u00a0<\/p><ol><li>Purpose of the site<\/li><\/ol><p>The Hotel Eden Spa website is dedicated to promoting the establishment, providing information and collecting personal data for the purposes of making reservations and managing customer relations.<\/p><p>Liability<\/p><p>Publication manager: Eliophot<\/p><p>Editorial manager: Eliophot<\/p><p>Webmaster, design, editing, hosting: Eliophot<\/p><ol start=\"2\"><li>Collection of personal data<\/li><\/ol><p>The Hotel Eden Spa website collects personal data online in order to book rooms and manage your stay.<\/p><p>In accordance with the French Data Protection Act, this site has been registered with the Commission Nationale Informatique et Libert\u00e9s (CNIL). You have the right to access, modify, rectify and delete any personal data concerning you. To exercise this right, please contact us at the following address: <a href=\"mailto:r%C3%A9ception@hoteleden-spa.fr\">r\u00e9ception@hoteleden-spa.fr<\/a><\/p><p>\u00a0<\/p><ol start=\"3\"><li>Intellectual property<\/li><\/ol><p>All information, content, logos, texts, images and other elements on the site are protected by French legislation and international conventions on intellectual property.<\/p><p>Any reproduction, distribution or modification, in whole or in part, without the prior authorisation of H\u00f4tel Eden Spa, is strictly prohibited, except for private or family use.<\/p><ol start=\"4\"><li>Disputes and mediation<\/li><\/ol><p>In the event of a dispute, please contact our customer service department to try to resolve the problem amicably.<\/p><p>\u00a0<\/p><p>If no amicable solution is found, the consumer may refer the matter free of charge to a consumer mediator, namely the Association of European Mediators (AME CONSO), within one (1) year of the written complaint sent to the Hotel.<\/p><p>\u00a0<\/p><p>You can refer the matter to the Ombudsman:<\/p><p>Online, using the form available on the website: www.mediationconso-ame.com<\/p><p>By post, to the following address<\/p><p>AME CONSO - 11 place Dauphine - 75001 PARIS<\/p><p>\u00a0<\/p><ol start=\"5\"><li>Applicable law and online dispute resolution<\/li><\/ol><p>In accordance with Article 14 of Regulation (EU) No 524\/2013, the European Commission provides an online dispute resolution (ODR) platform. You can access it via the following link:<\/p><p>\ud83d\udc49 https:\/\/ec.europa.eu\/consumers\/odr\/<\/p><p>\u00a0<\/p><ol start=\"6\"><li>No right of withdrawal<\/li><\/ol><p>In accordance with article L.221-28 of the French Consumer Code, the right of withdrawal does not apply to accommodation services provided on a specific date or at specific intervals.<\/p><p>\u00a0<\/p><ol start=\"7\"><li>Limited liability of the publisher<\/li><\/ol><p>The site publisher provides users with information and tools that it considers reliable. However, it cannot be held responsible for errors, the unavailability of functions or the presence of viruses on the site.<\/p><p>\u00a0<\/p><p>The information on this site is provided for information purposes only and should not be used as a substitute for personal advice. Under no circumstances does the publisher guarantee the accuracy, completeness or timeliness of this information.<\/p><p>\u00a0<\/p><p>In addition, the site may contain links to third-party sites. The publisher accepts no responsibility for the content of these sites and cannot be held liable for any direct or indirect damage resulting from their use.<\/p>\t\t\t\t\t\t\t\t<\/div>\n\t\t\t\t<\/div>\n\t\t\t\t\t<\/div>\n\t\t\t\t<\/div>\n\t\t\t\t<\/div>","protected":false},"excerpt":{"rendered":"<p>Mentions l\u00e9gales URL : www.hoteleden-spa.fr Raison sociale de la soci\u00e9t\u00e9 exploitante : AQUA MILL SASEmail : r\u00e9ception@hoteleden-spa.fr T\u00e9l\u00e9phone : +33 (0)2 33 60 25 25 Capital social : 10 000,00 \u20ac Num\u00e9ro individuel d\u2019identification de TVA : FR20978196244 Num\u00e9ro de Siret : 978\u00a0196\u00a0244 00021 \u00a0 H\u00f4tel Eden Spa : \u00a0 Objet du site Le site [&hellip;]<\/p>\n","protected":false},"author":13,"featured_media":0,"parent":0,"menu_order":0,"comment_status":"closed","ping_status":"closed","template":"","meta":{"_acf_changed":false,"inline_featured_image":false,"footnotes":""},"class_list":["post-2553","page","type-page","status-publish","hentry"],"acf":[],"_links":{"self":[{"href":"https:\/\/www.hoteledenspa.com\/en\/wp-json\/wp\/v2\/pages\/2553","targetHints":{"allow":["GET"]}}],"collection":[{"href":"https:\/\/www.hoteledenspa.com\/en\/wp-json\/wp\/v2\/pages"}],"about":[{"href":"https:\/\/www.hoteledenspa.com\/en\/wp-json\/wp\/v2\/types\/page"}],"author":[{"embeddable":true,"href":"https:\/\/www.hoteledenspa.com\/en\/wp-json\/wp\/v2\/users\/13"}],"replies":[{"embeddable":true,"href":"https:\/\/www.hoteledenspa.com\/en\/wp-json\/wp\/v2\/comments?post=2553"}],"version-history":[{"count":25,"href":"https:\/\/www.hoteledenspa.com\/en\/wp-json\/wp\/v2\/pages\/2553\/revisions"}],"predecessor-version":[{"id":5075,"href":"https:\/\/www.hoteledenspa.com\/en\/wp-json\/wp\/v2\/pages\/2553\/revisions\/5075"}],"wp:attachment":[{"href":"https:\/\/www.hoteledenspa.com\/en\/wp-json\/wp\/v2\/media?parent=2553"}],"curies":[{"name":"wp","href":"https:\/\/api.w.org\/{rel}","templated":true}]}}