{"id":3723,"date":"2025-05-23T14:13:30","date_gmt":"2025-05-23T12:13:30","guid":{"rendered":"https:\/\/www.hoteledenspa.com\/?page_id=3723"},"modified":"2025-08-05T11:57:11","modified_gmt":"2025-08-05T09:57:11","slug":"cgv","status":"publish","type":"page","link":"https:\/\/www.hoteledenspa.com\/en\/cgv\/","title":{"rendered":"GENERAL TERMS AND CONDITIONS"},"content":{"rendered":"<div data-elementor-type=\"wp-page\" data-elementor-id=\"3723\" class=\"elementor elementor-3723\" data-elementor-post-type=\"page\">\n\t\t\t\t<div class=\"elementor-element elementor-element-f3ce3ac e-con-full e-flex e-con e-parent\" data-id=\"f3ce3ac\" data-element_type=\"container\" data-e-type=\"container\" data-settings=\"{&quot;background_background&quot;:&quot;classic&quot;}\">\n\t\t\t\t<div class=\"elementor-element elementor-element-bb211da elementor-widget elementor-widget-heading\" data-id=\"bb211da\" data-element_type=\"widget\" data-e-type=\"widget\" data-widget_type=\"heading.default\">\n\t\t\t\t<div class=\"elementor-widget-container\">\n\t\t\t\t\t<h1 class=\"elementor-heading-title elementor-size-default\">GENERAL TERMS AND CONDITIONS OF SALE<\/h1>\t\t\t\t<\/div>\n\t\t\t\t<\/div>\n\t\t\t\t<\/div>\n\t\t<div class=\"elementor-element elementor-element-1ee1a69 e-flex e-con-boxed e-con e-parent\" data-id=\"1ee1a69\" data-element_type=\"container\" data-e-type=\"container\">\n\t\t\t\t\t<div class=\"e-con-inner\">\n\t\t\t\t<div class=\"elementor-element elementor-element-96e968c elementor-widget elementor-widget-text-editor\" data-id=\"96e968c\" data-element_type=\"widget\" data-e-type=\"widget\" data-widget_type=\"text-editor.default\">\n\t\t\t\t<div class=\"elementor-widget-container\">\n\t\t\t\t\t\t\t\t\t<p>Terms and conditions of sale<\/p><p>\u00a0<\/p><p>These general terms and conditions of sale govern the contractual relationship between the Hotel Eden Spa (hereinafter referred to as \"the Hotel\") and its customers (hereinafter referred to as \"the Customer\") concerning room reservations, associated services and any other services offered by the Hotel. Any reservation and use of the Hotel's services implies acceptance of these terms and conditions.<\/p><p>\u00a0<\/p><ol><li>Reservation<\/li><\/ol><p>\u00a0<\/p><p>1.1 Booking and confirmation<\/p><p>It is recommended to book in advance to guarantee room availability. The reservation will only be confirmed once it has been accepted by the hotel. When making a reservation, a deposit or a credit card number must be provided. The hotel contract is concluded as soon as the Hotel confirms the reservation.<\/p><p>\u00a0<\/p><p>1.2 Online reservations<\/p><p>Reservations made via our website are effective once the reservation fee has been paid. If the payment is rejected, the Hotel reserves the right to cancel the reservation.<\/p><p>\u00a0<\/p><p>1.3 Secure payment<\/p><p>For bookings made by telephone or email, a secure payment link will be sent to validate the booking. This link is valid for 24 hours; after this time, the booking will be cancelled.<\/p><p>\u00a0<\/p><p>1.4 Changeable reservations (RACK)<\/p><p>For changeable bookings, a secure payment link will be sent within 3 days (or 6 days in July, August and September). If payment is not received within this period, the booking will be cancelled.<\/p><p>\u00a0<\/p><ol start=\"2\"><li>Payment<\/li><\/ol><p>\u00a0<\/p><p>2.1 Terms of payment<\/p><p>Payment for accommodation must be made no later than the day of departure. For longer stays (1 week or more), payments will be made weekly.<\/p><p>\u00a0<\/p><p>2.2 Payment methods accepted<\/p><p>We accept credit cards (Visa, Eurocard-Mastercard) and cash.<\/p><p>\u00a0<\/p><p>2.3 Credit card guarantee<\/p><p>A valid bank card in the customer's name is required as a guarantee. A bank imprint of at least \u20ac90 will be taken on arrival. If necessary, the hotel reserves the right to charge the guarantee card for any extras, consumption or damage noted after departure.<\/p><p>\u00a0<\/p><p>2.4 Non-payment<\/p><p>In the event of non-payment, the Customer may be evicted without refund and legal action may be taken.<\/p><p>\u00a0<\/p><ol start=\"3\"><li>Tourist tax<\/li><\/ol><p>The tourist tax is not included in the price of the reservation. It is payable on site and is set at \u20ac1.20 per person per night (rate 2024).<\/p><p>\u00a0<\/p><ol start=\"4\"><li>Car park<\/li><\/ol><p>The hotel offers private outdoor parking at a rate of \u20ac5 per day in low season and \u20ac20 in high season. The car park is secure but not guarded. Guests are asked not to leave valuables in their vehicle.<\/p><p>\u00a0<\/p><ol start=\"5\"><li>Breakfast<\/li><\/ol><p>Breakfast is served from 7am to 10am. If not included in your rate, breakfast can be booked for \u20ac14 per person per night, or \u20ac9 for children (up to 10 years old).<\/p><p>\u00a0<\/p><ol start=\"6\"><li>Cancellation \/ Change of Reservation<\/li><\/ol><p>\u00a0<\/p><p>6.1 Free cancellation<\/p><p>Cancellations or changes must be made at least 2 days before arrival (5 days in high season: July, August, September). If this deadline is not met, 100% of the cost of the stay will be due.<\/p><p>\u00a0<\/p><p>6.2 Non-refundable cancellations<\/p><p>Non-refundable bookings must be paid in full at the time of booking. These bookings cannot be changed, cancelled or exchanged.<\/p><p>\u00a0<\/p><p>6.3 Delays and early departures<\/p><p>There is no refund for late arrivals or early departures.<\/p><p>\u00a0<\/p><ol start=\"7\"><li>Group<\/li><\/ol><p>Group bookings (5 rooms or more) require a deposit of 50% of the total amount, payable at the time of booking. The balance must be paid one week before arrival. No refunds will be made for cancellations or amendments made after 1 month prior to arrival.<\/p><p>\u00a0<\/p><ol start=\"8\"><li>Cancellation of duplicate bookings<\/li><\/ol><p>If a booking is made in error by the customer, it can be cancelled or modified within 24 hours of the booking, subject to a \u20ac35 cancellation fee, if the booking was made via our official website.<\/p><p>\u00a0<\/p><ol start=\"9\"><li>Breakfast packages included<\/li><\/ol><p>Breakfast packages included in the booking are non-refundable and non-exchangeable. Any dissatisfaction with breakfast or dinner times will not be reimbursed.<\/p><p>\u00a0<\/p><ol start=\"10\"><li>Acceptance of the General Terms and Conditions of Sale<\/li><\/ol><p>The Customer declares that he\/she has read and accepts these terms and conditions at the time of booking. Failure to comply with the conditions may result in immediate termination of the contract without compensation.<\/p><p>\u00a0<\/p><ol start=\"11\"><li>Litigation<\/li><\/ol><p>In the event of a dispute, an amicable solution will be sought. If no agreement is reached, the consumer may refer the matter free of charge to the consumer ombudsman, the Association of European Consumer Ombudsmen (AME CONSO), within one year of the complaint.<\/p><p>\u00a0<\/p><ol start=\"12\"><li>Cold calling<\/li><\/ol><p>The Customer can register free of charge on the BLOCTEL official website.<\/p><p>\u00a0<\/p><ol start=\"13\"><li>Non-compliance with the Conditions<\/li><\/ol><p>If the Customer fails to comply with these conditions, the Hotel reserves the right to ask the Customer to leave the establishment immediately, without any right to compensation.<\/p>\t\t\t\t\t\t\t\t<\/div>\n\t\t\t\t<\/div>\n\t\t\t\t\t<\/div>\n\t\t\t\t<\/div>\n\t\t\t\t<\/div>","protected":false},"excerpt":{"rendered":"<p>CONDITIONS GENERALES DE VENTES Conditions G\u00e9n\u00e9rales de Vente \u00a0 Les pr\u00e9sentes conditions g\u00e9n\u00e9rales de vente r\u00e9gissent la relation contractuelle entre l\u2019H\u00f4tel Eden Spa (ci-apr\u00e8s \u00ab l\u2019H\u00f4tel \u00bb) et ses clients (ci-apr\u00e8s \u00ab le Client \u00bb) concernant la r\u00e9servation de chambres, les services associ\u00e9s et tout autre service offert par l\u2019H\u00f4tel. Toute r\u00e9servation et utilisation des [&hellip;]<\/p>\n","protected":false},"author":13,"featured_media":0,"parent":0,"menu_order":0,"comment_status":"closed","ping_status":"closed","template":"","meta":{"_acf_changed":false,"inline_featured_image":false,"footnotes":""},"class_list":["post-3723","page","type-page","status-publish","hentry"],"acf":[],"_links":{"self":[{"href":"https:\/\/www.hoteledenspa.com\/en\/wp-json\/wp\/v2\/pages\/3723","targetHints":{"allow":["GET"]}}],"collection":[{"href":"https:\/\/www.hoteledenspa.com\/en\/wp-json\/wp\/v2\/pages"}],"about":[{"href":"https:\/\/www.hoteledenspa.com\/en\/wp-json\/wp\/v2\/types\/page"}],"author":[{"embeddable":true,"href":"https:\/\/www.hoteledenspa.com\/en\/wp-json\/wp\/v2\/users\/13"}],"replies":[{"embeddable":true,"href":"https:\/\/www.hoteledenspa.com\/en\/wp-json\/wp\/v2\/comments?post=3723"}],"version-history":[{"count":10,"href":"https:\/\/www.hoteledenspa.com\/en\/wp-json\/wp\/v2\/pages\/3723\/revisions"}],"predecessor-version":[{"id":5066,"href":"https:\/\/www.hoteledenspa.com\/en\/wp-json\/wp\/v2\/pages\/3723\/revisions\/5066"}],"wp:attachment":[{"href":"https:\/\/www.hoteledenspa.com\/en\/wp-json\/wp\/v2\/media?parent=3723"}],"curies":[{"name":"wp","href":"https:\/\/api.w.org\/{rel}","templated":true}]}}